{"id":557,"date":"2023-10-13T14:32:20","date_gmt":"2023-10-13T17:32:20","guid":{"rendered":"https:\/\/apaecl.org.br\/?page_id=557"},"modified":"2023-10-17T14:21:50","modified_gmt":"2023-10-17T17:21:50","slug":"saude","status":"publish","type":"page","link":"https:\/\/apaecl.org.br\/index.php\/saude\/","title":{"rendered":"Sa\u00fade"},"content":{"rendered":"\t\t<div data-elementor-type=\"wp-page\" data-elementor-id=\"557\" class=\"elementor elementor-557\">\n\t\t\t\t\t\t\t\t\t<section class=\"elementor-section elementor-top-section elementor-element elementor-element-d4980e8 elementor-section-boxed elementor-section-height-default elementor-section-height-default\" data-id=\"d4980e8\" data-element_type=\"section\" data-settings=\"{&quot;background_background&quot;:&quot;classic&quot;}\">\n\t\t\t\t\t\t\t<div class=\"elementor-background-overlay\"><\/div>\n\t\t\t\t\t\t\t<div class=\"elementor-container elementor-column-gap-default\">\n\t\t\t\t\t<div class=\"elementor-column elementor-col-100 elementor-top-column elementor-element elementor-element-c0ade31\" data-id=\"c0ade31\" data-element_type=\"column\">\n\t\t\t<div class=\"elementor-widget-wrap elementor-element-populated\">\n\t\t\t\t\t\t\t\t<div class=\"elementor-element elementor-element-07167e2 elementor-widget elementor-widget-heading\" data-id=\"07167e2\" data-element_type=\"widget\" data-widget_type=\"heading.default\">\n\t\t\t\t<div class=\"elementor-widget-container\">\n\t\t\t<style>\/*! elementor - v3.15.0 - 02-08-2023 *\/\n.elementor-heading-title{padding:0;margin:0;line-height:1}.elementor-widget-heading .elementor-heading-title[class*=elementor-size-]>a{color:inherit;font-size:inherit;line-height:inherit}.elementor-widget-heading .elementor-heading-title.elementor-size-small{font-size:15px}.elementor-widget-heading .elementor-heading-title.elementor-size-medium{font-size:19px}.elementor-widget-heading .elementor-heading-title.elementor-size-large{font-size:29px}.elementor-widget-heading .elementor-heading-title.elementor-size-xl{font-size:39px}.elementor-widget-heading .elementor-heading-title.elementor-size-xxl{font-size:59px}<\/style><h2 class=\"elementor-heading-title elementor-size-default\">Sa\u00fade<\/h2>\t\t<\/div>\n\t\t\t\t<\/div>\n\t\t\t\t<div class=\"elementor-element elementor-element-7845737 elementor-icon-list--layout-inline elementor-align-center elementor-list-item-link-full_width elementor-widget elementor-widget-icon-list\" data-id=\"7845737\" data-element_type=\"widget\" data-widget_type=\"icon-list.default\">\n\t\t\t\t<div class=\"elementor-widget-container\">\n\t\t\t<link rel=\"stylesheet\" href=\"https:\/\/apaecl.org.br\/wp-content\/plugins\/elementor\/assets\/css\/widget-icon-list.min.css\">\t\t<ul class=\"elementor-icon-list-items elementor-inline-items\">\n\t\t\t\t\t\t\t<li class=\"elementor-icon-list-item elementor-inline-item\">\n\t\t\t\t\t\t\t\t\t\t<span class=\"elementor-icon-list-text\">Home<\/span>\n\t\t\t\t\t\t\t\t\t<\/li>\n\t\t\t\t\t\t\t\t<li class=\"elementor-icon-list-item elementor-inline-item\">\n\t\t\t\t\t\t\t\t\t\t\t<span class=\"elementor-icon-list-icon\">\n\t\t\t\t\t\t\t<i aria-hidden=\"true\" class=\"fas fa-chevron-right\"><\/i>\t\t\t\t\t\t<\/span>\n\t\t\t\t\t\t\t\t\t\t<span class=\"elementor-icon-list-text\">Sa\u00fade<\/span>\n\t\t\t\t\t\t\t\t\t<\/li>\n\t\t\t\t\t\t<\/ul>\n\t\t\t\t<\/div>\n\t\t\t\t<\/div>\n\t\t\t\t\t<\/div>\n\t\t<\/div>\n\t\t\t\t\t\t\t<\/div>\n\t\t<\/section>\n\t\t\t\t<section class=\"elementor-section elementor-top-section elementor-element elementor-element-505b8e4 elementor-section-boxed elementor-section-height-default elementor-section-height-default\" data-id=\"505b8e4\" data-element_type=\"section\">\n\t\t\t\t\t\t\t<div class=\"elementor-background-overlay\"><\/div>\n\t\t\t\t\t\t\t<div class=\"elementor-container elementor-column-gap-default\">\n\t\t\t\t\t<div class=\"elementor-column elementor-col-100 elementor-top-column elementor-element elementor-element-80b70d3\" data-id=\"80b70d3\" data-element_type=\"column\">\n\t\t\t<div class=\"elementor-widget-wrap elementor-element-populated\">\n\t\t\t\t\t\t\t\t<div class=\"elementor-element elementor-element-7cfdd95 elementor-widget elementor-widget-text-editor\" data-id=\"7cfdd95\" data-element_type=\"widget\" data-widget_type=\"text-editor.default\">\n\t\t\t\t<div class=\"elementor-widget-container\">\n\t\t\t<style>\/*! elementor - v3.15.0 - 02-08-2023 *\/\n.elementor-widget-text-editor.elementor-drop-cap-view-stacked .elementor-drop-cap{background-color:#69727d;color:#fff}.elementor-widget-text-editor.elementor-drop-cap-view-framed .elementor-drop-cap{color:#69727d;border:3px solid;background-color:transparent}.elementor-widget-text-editor:not(.elementor-drop-cap-view-default) .elementor-drop-cap{margin-top:8px}.elementor-widget-text-editor:not(.elementor-drop-cap-view-default) .elementor-drop-cap-letter{width:1em;height:1em}.elementor-widget-text-editor .elementor-drop-cap{float:left;text-align:center;line-height:1;font-size:50px}.elementor-widget-text-editor .elementor-drop-cap-letter{display:inline-block}<\/style>\t\t\t\t<div class=\"elementor-element elementor-element-2164a113 elementor-widget elementor-widget-text-editor\" data-id=\"2164a113\" data-element_type=\"widget\" data-widget_type=\"text-editor.default\"><div class=\"elementor-widget-container\"><p><span style=\"font-weight: 400;\">Servi\u00e7o de Reabilita\u00e7\u00e3o da Defici\u00eancia Intelectual\u00a0<\/span><\/p><p><span style=\"font-weight: 400;\">Servi\u00e7o de atendimento cl\u00ednico especializado e continuado, desenvolvido por equipe multidisciplinar, composta por Psic\u00f3logo, Fisioterapeuta, Terapeuta Ocupacional, Assistente Social, Fonoaudi\u00f3logo, m\u00e9dico Neurologista e m\u00e9dico neuropediatra com objetivo de oferecer aten\u00e7\u00e3o integral e terap\u00eautico especializado \u00e0s pessoas com Defici\u00eancia Intelectual, visando a habilita\u00e7\u00e3o e reabilita\u00e7\u00e3o cl\u00ednica funcional, melhoria da qualidade de vida, amplia\u00e7\u00e3o de potencialidades laborais, independ\u00eancia nas atividades de vida di\u00e1ria e fortalecimento dos v\u00ednculos familiares e comunit\u00e1rios.<\/span><\/p><p>\u00a0<\/p><p><span style=\"font-weight: 400;\">P\u00fablico-alvo e forma de acesso: <\/span><span style=\"font-weight: 400;\">Pessoas com Defici\u00eancia Intelectual e Transtorno de Espectro do Autismo \u2013 TEA, encaminhados pela Junta Reguladora da Sa\u00fade de Conselheiro Lafaiete, com exce\u00e7\u00e3o dos neonatos de risco que s\u00e3o encaminhados pelas maternidades ap\u00f3s alta dos mesmos.<\/span><\/p><p>\u00a0<\/p><p><span style=\"font-weight: 400;\">Avalia\u00e7\u00e3o Inicial\u00a0<\/span><\/p><p><span style=\"font-weight: 400;\">Tem por objetivo conhecer as necessidades do paciente para direcionar o tratamento, estabelecendo objetivos e metas para os atendimentos, promovendo ainda a participa\u00e7\u00e3o familiar e o processo de alta;\u00a0\u00a0<\/span><\/p><p>\u00a0<\/p><p><span style=\"font-weight: 400;\">Estimula\u00e7\u00e3o Precoce<\/span><\/p><p>\u00a0<\/p><p><span style=\"font-weight: 400;\">Atendimento especializado de car\u00e1ter preventivo e terap\u00eautico, com o objetivo de estimular o desenvolvimento global dos pacientes o mais precoce poss\u00edvel, minimizando os efeitos da defici\u00eancia,\u00a0 envolve a crian\u00e7a de 0 a 6 anos.<\/span><\/p><p>\u00a0<\/p><p><span style=\"font-weight: 400;\">Servi\u00e7o Social\u00a0<\/span><\/p><p>\u00a0<\/p><p><span style=\"font-weight: 400;\">Na \u00e1rea da sa\u00fade trabalha na defesa dos direitos dos usu\u00e1rios e orienta sobre aspectos relacionados aos servi\u00e7os de sa\u00fade que s\u00e3o oferecidos<\/span><\/p><p><span style=\"font-weight: 400;\">\u00a0<\/span><\/p><p><span style=\"font-weight: 400;\">Fisioterapia<\/span><\/p><p><span style=\"font-weight: 400;\">O servi\u00e7o de Fisioterapia tem por objetivo preservar, manter, habilitar e\/ou reabilitar a integridade de \u00f3rg\u00e3os, sistema ou fun\u00e7\u00e3o das pessoas com defici\u00eancia que tem indica\u00e7\u00e3o para este atendimento.\u00a0<\/span><\/p><p>\u00a0<\/p><p><span style=\"font-weight: 400;\">Fonoaudiologia\u00a0<\/span><\/p><p><span style=\"font-weight: 400;\">O servi\u00e7o de Fonoaudiologia tem como objetivo a estimula\u00e7\u00e3o do desenvolvimento da fala, da\u00a0 linguagem oral e escrita e das fun\u00e7\u00f5es orofaciais e degluti\u00e7\u00e3o.<\/span><\/p><p>\u00a0<\/p><p><span style=\"font-weight: 400;\">Psicologia<\/span><\/p><p><span style=\"font-weight: 400;\">O servi\u00e7o de psicologia tem o objetivo de melhorar o desenvolvimento cognitivo, aumentar a qualidade da vida social e proporcionar o desenvolvimento integral da pessoa com defici\u00eancia, al\u00e9m disso, trabalha no apoio e orienta\u00e7\u00e3o das fam\u00edlias.<\/span><\/p><p>\u00a0<\/p><p><span style=\"font-weight: 400;\">Terapia Ocupacional\u00a0<\/span><\/p><p>\u00a0<\/p><p><span style=\"font-weight: 400;\">O servi\u00e7o de terapia ocupacional tem o objetivo <\/span><span style=\"font-weight: 400;\">de desenvolver a autonomia e independ\u00eancia dos indiv\u00edduos, visando a preven\u00e7\u00e3o e o tratamento de altera\u00e7\u00f5es f\u00edsicas, cognitivas, perceptivas e psicomotoras, prevenir deformidades, realizar adequa\u00e7\u00f5es posturais e indicar adapta\u00e7\u00f5es para atividades de vida pr\u00e1tica.<\/span><\/p><p>\u00a0<\/p><p><span style=\"font-weight: 400;\">ATENDIMENTO M\u00c9DICO ESPECIALIZADO<\/span><\/p><p><span style=\"font-weight: 400;\">O servi\u00e7o de atendimento m\u00e9dico \u00e9 o \u00f3rg\u00e3o respons\u00e1vel pelo atendimento e acompanhamento cl\u00ednico da pessoa com defici\u00eancia e\u00a0 pela orienta\u00e7\u00e3o da equipe quanto aos aspectos m\u00e9dicos no processo de atendimento. O servi\u00e7o \u00e9 exercido por profissionais m\u00e9dicos especializados em neurologia e neuropediatria.<\/span><\/p><p>\u00a0<\/p><p><span style=\"font-weight: 400;\">Equoterapia<\/span><\/p><p><span style=\"font-weight: 400;\">A equoterapia \u00e9 um atendimento especializado que utiliza o cavalo dentro de uma abordagem multidisciplinar e interdisciplinar, nas \u00e1reas de sa\u00fade e equita\u00e7\u00e3o, buscando o desenvolvimento biopsicossocial de pessoas com defici\u00eancias e\/ou necessidades especiais.<\/span><span style=\"font-weight: 400;\"> A equoterapia \u00e9 desenvolvida de forma individual, uma vez por semana, 30 minutos cada paciente, com aux\u00edlio e abordagem de uma equipe multidisciplinar, composta por um equitador <\/span><span style=\"font-weight: 400;\">que respons\u00e1vel pelos cuidados com o cavalo, ajuda a escolher o cavalo conforme a personalidade e caracter\u00edstica do praticante, maneja e conduz o cavalo, treina cada animal, ensina os membros da equipe a montarem, conduzir e exercitar o cavalo.<\/span><span style=\"font-weight: 400;\"> Um Fisioterapeuta <\/span><span style=\"font-weight: 400;\">que auxilia no processo de inser\u00e7\u00e3o e elegibilidade na equoterapia das pessoas com defici\u00eancia. Realiza as triagens para os praticantes dos quadros f\u00edsicos e motores para o in\u00edcio do atendimento<\/span><span style=\"font-weight: 400;\">, e um Psic\u00f3logo que <\/span><span style=\"font-weight: 400;\">desempenha um papel importante visando \u00e0 estimula\u00e7\u00e3o do praticante, percebendo suas potencialidades e seus limites, bem como proporcionando a ele, mecanismos que possibilitem a aproxima\u00e7\u00e3o desse indiv\u00edduo com o cavalo, bem como a conscientiza\u00e7\u00e3o corporal, autoconfian\u00e7a e no\u00e7\u00e3o de limite. O cavalo tem um movimento tridimensional e desempenha o papel de agente promotor de ganhos a n\u00edvel f\u00edsico e ps\u00edquico, exigindo do participante muito esfor\u00e7o e desempenho para com o corpo inteiro, contribuindo, assim, para o desenvolvimento da for\u00e7a muscular, relaxamento, conscientiza\u00e7\u00e3o do pr\u00f3prio corpo e aperfei\u00e7oamento da coordena\u00e7\u00e3o motora e equil\u00edbrio. A pr\u00e1tica \u00e9 desenvolvida em dois tipos de solo a variar de acordo com as necessidades do praticante: no picadeiro com solo de areia e\/ ou em gramado cujo solo \u00e9 mais compacto.<\/span><\/p><p>\u00a0<\/p><p><span style=\"font-weight: 400;\">P\u00fablico-alvo: <\/span><span style=\"font-weight: 400;\">Pessoas com Defici\u00eancia Intelectual e Transtorno de Espectro do Autismo \u2013 TEA.<\/span><\/p><\/div><\/div>\t\t\t\t\t\t<\/div>\n\t\t\t\t<\/div>\n\t\t\t\t\t<\/div>\n\t\t<\/div>\n\t\t\t\t\t\t\t<\/div>\n\t\t<\/section>\n\t\t\t\t\t\t\t<\/div>\n\t\t","protected":false},"excerpt":{"rendered":"<p>Sa\u00fade Home Sa\u00fade Servi\u00e7o de Reabilita\u00e7\u00e3o da Defici\u00eancia Intelectual\u00a0 Servi\u00e7o de atendimento cl\u00ednico especializado e continuado, desenvolvido por equipe multidisciplinar, composta por Psic\u00f3logo, Fisioterapeuta, Terapeuta Ocupacional, Assistente Social, Fonoaudi\u00f3logo, m\u00e9dico Neurologista e m\u00e9dico neuropediatra com objetivo de oferecer aten\u00e7\u00e3o integral e terap\u00eautico especializado \u00e0s pessoas com Defici\u00eancia Intelectual, visando a habilita\u00e7\u00e3o e reabilita\u00e7\u00e3o cl\u00ednica funcional, [&hellip;]<\/p>\n","protected":false},"author":1,"featured_media":0,"parent":0,"menu_order":0,"comment_status":"closed","ping_status":"closed","template":"elementor_header_footer","meta":{"footnotes":""},"class_list":["post-557","page","type-page","status-publish","hentry"],"_links":{"self":[{"href":"https:\/\/apaecl.org.br\/index.php\/wp-json\/wp\/v2\/pages\/557"}],"collection":[{"href":"https:\/\/apaecl.org.br\/index.php\/wp-json\/wp\/v2\/pages"}],"about":[{"href":"https:\/\/apaecl.org.br\/index.php\/wp-json\/wp\/v2\/types\/page"}],"author":[{"embeddable":true,"href":"https:\/\/apaecl.org.br\/index.php\/wp-json\/wp\/v2\/users\/1"}],"replies":[{"embeddable":true,"href":"https:\/\/apaecl.org.br\/index.php\/wp-json\/wp\/v2\/comments?post=557"}],"version-history":[{"count":16,"href":"https:\/\/apaecl.org.br\/index.php\/wp-json\/wp\/v2\/pages\/557\/revisions"}],"predecessor-version":[{"id":720,"href":"https:\/\/apaecl.org.br\/index.php\/wp-json\/wp\/v2\/pages\/557\/revisions\/720"}],"wp:attachment":[{"href":"https:\/\/apaecl.org.br\/index.php\/wp-json\/wp\/v2\/media?parent=557"}],"curies":[{"name":"wp","href":"https:\/\/api.w.org\/{rel}","templated":true}]}}